{"id":258,"date":"2018-01-22T10:17:40","date_gmt":"2018-01-22T14:17:40","guid":{"rendered":"http:\/\/alcaldiariosanjuan.gob.do\/transparencia\/?page_id=258"},"modified":"2022-08-12T10:51:44","modified_gmt":"2022-08-12T14:51:44","slug":"responsable-de-acceso-a-la-informacion","status":"publish","type":"page","link":"https:\/\/ayuntamientoriosanjuan.gob.do\/transparencia\/responsable-de-acceso-a-la-informacion\/","title":{"rendered":"Responsable de Acceso a la Informaci\u00f3n"},"content":{"rendered":"<p>JANELYS SANTOS PEREZ<\/p>\n<p class=\"paragraph ng-attr-widget\"><strong>Responsable de Acceso a la Informaci\u00f3n (RAI)<\/strong><\/p>\n<p><strong>Tel.:<\/strong> (809)\u00a0589-3046<br \/>\n<strong>Direcci\u00f3n:<\/strong>\u00a0Calle Mella esq. Duarte, R\u00edo San Juan, Prov. Mar\u00eda Trinidad S\u00e1nchez, Rep\u00fablica Dominicana<\/p>\n","protected":false},"excerpt":{"rendered":"JANELYS SANTOS PEREZ Responsable de Acceso a la Informaci\u00f3n (RAI) Tel.: (809)\u00a0589-3046 Direcci\u00f3n:\u00a0Calle Mella esq. Duarte, R\u00edo San Juan, Prov. Mar\u00eda Trinidad S\u00e1nchez, Rep\u00fablica Dominicana","protected":false},"author":3,"featured_media":0,"parent":0,"menu_order":0,"comment_status":"closed","ping_status":"closed","template":"","meta":[],"acf":[],"_links":{"self":[{"href":"https:\/\/ayuntamientoriosanjuan.gob.do\/transparencia\/wp-json\/wp\/v2\/pages\/258"}],"collection":[{"href":"https:\/\/ayuntamientoriosanjuan.gob.do\/transparencia\/wp-json\/wp\/v2\/pages"}],"about":[{"href":"https:\/\/ayuntamientoriosanjuan.gob.do\/transparencia\/wp-json\/wp\/v2\/types\/page"}],"author":[{"embeddable":true,"href":"https:\/\/ayuntamientoriosanjuan.gob.do\/transparencia\/wp-json\/wp\/v2\/users\/3"}],"replies":[{"embeddable":true,"href":"https:\/\/ayuntamientoriosanjuan.gob.do\/transparencia\/wp-json\/wp\/v2\/comments?post=258"}],"version-history":[{"count":3,"href":"https:\/\/ayuntamientoriosanjuan.gob.do\/transparencia\/wp-json\/wp\/v2\/pages\/258\/revisions"}],"predecessor-version":[{"id":1165,"href":"https:\/\/ayuntamientoriosanjuan.gob.do\/transparencia\/wp-json\/wp\/v2\/pages\/258\/revisions\/1165"}],"wp:attachment":[{"href":"https:\/\/ayuntamientoriosanjuan.gob.do\/transparencia\/wp-json\/wp\/v2\/media?parent=258"}],"curies":[{"name":"wp","href":"https:\/\/api.w.org\/{rel}","templated":true}]}}